{"id":97,"date":"2024-10-09T00:00:31","date_gmt":"2024-10-08T22:00:31","guid":{"rendered":"https:\/\/maximalcargologisztika.hu\/?page_id=97"},"modified":"2024-10-09T00:00:41","modified_gmt":"2024-10-08T22:00:41","slug":"szechenyi2020","status":"publish","type":"page","link":"https:\/\/maximalcargologisztika.hu\/?page_id=97","title":{"rendered":"Szechenyi2020"},"content":{"rendered":"<p>[et_pb_section fb_built=&#8221;1&#8243; _builder_version=&#8221;4.27.2&#8243; background_enable_color=&#8221;off&#8221; background_image=&#8221;https:\/\/maximalcargologisztika.hu\/wp-content\/uploads\/2024\/10\/page_title_bar7_blue2.jpg&#8221; custom_padding=&#8221;40px||40px|||&#8221; animation_style=&#8221;fade&#8221; global_colors_info=&#8221;{}&#8221; theme_builder_area=&#8221;post_content&#8221;][et_pb_row _builder_version=&#8221;4.16&#8243; custom_padding=&#8221;30px|0px|17px|0px|false|false&#8221; global_colors_info=&#8221;{}&#8221; theme_builder_area=&#8221;post_content&#8221;][et_pb_column type=&#8221;4_4&#8243; _builder_version=&#8221;4.16&#8243; custom_padding=&#8221;|||&#8221; global_colors_info=&#8221;{}&#8221; custom_padding__hover=&#8221;|||&#8221; theme_builder_area=&#8221;post_content&#8221;][et_pb_text _builder_version=&#8221;4.27.2&#8243; header_font=&#8221;Montserrat|700||on|||||&#8221; header_text_align=&#8221;center&#8221; header_text_color=&#8221;#ffffff&#8221; header_font_size=&#8221;32px&#8221; header_letter_spacing=&#8221;1px&#8221; hover_enabled=&#8221;0&#8243; header_font_size_tablet=&#8221;&#8221; header_font_size_phone=&#8221;23px&#8221; header_font_size_last_edited=&#8221;on|desktop&#8221; header_text_shadow_style=&#8221;preset3&#8243; header_text_shadow_color=&#8221;rgba(0,0,0,0.3)&#8221; global_colors_info=&#8221;{}&#8221; theme_builder_area=&#8221;post_content&#8221; sticky_enabled=&#8221;0&#8243;]<\/p>\n<h1>sz\u00e9chenyi 2020 p\u00e1ly\u00e1zatok<\/h1>\n<p>[\/et_pb_text][\/et_pb_column][\/et_pb_row][\/et_pb_section][et_pb_section fb_built=&#8221;1&#8243; _builder_version=&#8221;4.16&#8243; _module_preset=&#8221;default&#8221; custom_padding=&#8221;80px||100px|||&#8221; global_colors_info=&#8221;{}&#8221; theme_builder_area=&#8221;post_content&#8221;][et_pb_row _builder_version=&#8221;4.16&#8243; _module_preset=&#8221;default&#8221; global_colors_info=&#8221;{}&#8221; theme_builder_area=&#8221;post_content&#8221;][et_pb_column type=&#8221;4_4&#8243; _builder_version=&#8221;4.16&#8243; _module_preset=&#8221;default&#8221; global_colors_info=&#8221;{}&#8221; theme_builder_area=&#8221;post_content&#8221;][et_pb_text _builder_version=&#8221;4.27.2&#8243; _module_preset=&#8221;default&#8221; header_font=&#8221;Montserrat|700|||||||&#8221; header_text_align=&#8221;left&#8221; header_text_color=&#8221;#3c3c3b&#8221; header_font_size=&#8221;20px&#8221; header_line_height=&#8221;1.3em&#8221; text_orientation=&#8221;center&#8221; max_width=&#8221;1338px&#8221; custom_margin=&#8221;||7px|||&#8221; custom_padding=&#8221;|||&#8221; hover_enabled=&#8221;0&#8243; header_font_size_tablet=&#8221;&#8221; header_font_size_phone=&#8221;22px&#8221; header_font_size_last_edited=&#8221;on|phone&#8221; global_colors_info=&#8221;{}&#8221; theme_builder_area=&#8221;post_content&#8221; sticky_enabled=&#8221;0&#8243;]<\/p>\n<p class=\"x_MsoNormal\" style=\"text-align: left;\"><span data-olk-copy-source=\"MessageBody\">A kedvezm\u00e9nyezett neve: <strong>MAXIM\u00c1L CARGO LOGISZTIKA Kft.<\/strong><u><\/u><u><\/u><\/span><\/p>\n<p class=\"x_MsoNormal\" style=\"text-align: left;\"><span>A projekt c\u00edme: <strong>Munkahelyi k\u00e9pz\u00e9sek t\u00e1mogat\u00e1sa a MAXIM\u00c1L CARGO LOGISZTIKA KFT-n\u00e9l<\/strong><u><\/u><u><\/u><\/span><\/p>\n<p class=\"x_MsoNormal\" style=\"text-align: left;\"><span>projekt azonos\u00edt\u00f3 sz\u00e1ma: GINOP-6.1.6-17-2018-00606<br \/><u><\/u><u><\/u><\/span><span>a szerz\u0151d\u00f6tt t\u00e1mogat\u00e1s \u00f6sszege: 19 800 000 Ft<br \/><u><\/u><u><\/u><\/span><span>a t\u00e1mogat\u00e1s m\u00e9rt\u00e9ke (%-ban): 100 %<br \/><u><\/u><u><\/u><\/span><span>a projekt t\u00e9nyleges befejez\u00e9si d\u00e1tuma: 2020.02.17.<br \/><u><\/u><u><\/u><\/span><span><\/span><\/p>\n<p><strong><\/strong><\/p>\n<p style=\"text-align: left;\"><strong><br \/>A projekt tartalm\u00e1nak bemutat\u00e1sa:<\/strong><u><\/u><u><\/u><\/p>\n<p class=\"x_MsoNormal\" style=\"text-align: left;\"><span><u><\/u>\u00a0<u><\/u><\/span><span>C\u00e9g\u00fcnk logisztikai \u00e9s sz\u00e1ll\u00edtm\u00e1nyoz\u00e1si tev\u00e9kenys\u00e9g\u00e9vel szorosan kapcsolatban olyan v\u00e1llalatir\u00e1ny\u00edt\u00e1si rendszereket haszn\u00e1l, melyhez az IPAR 4.0 megold\u00e1sok k\u00f6zvetlen\u00fcl \u00e9s szorosan kapcsol\u00f3dnak. Ez\u00e9rt a p\u00e1ly\u00e1zat c\u00e9lja az volt, hogy a \u00a0tervezett k\u00e9pz\u00e9sek megval\u00f3s\u00edt\u00e1s\u00e1val munkav\u00e1llal\u00f3ink olyan elm\u00e9leti \u00e9s gyakorlati tud\u00e1sra tegyenek szert, ahol elsaj\u00e1t\u00edthatj\u00e1k az IPAR 4.0 rendszer \u00e9s folyamatszeml\u00e9let\u00e9t, az adatb\u00e1zisok kezel\u00e9s\u00e9t, ki\u00e9rt\u00e9kel\u00e9s\u00e9t \u00e9s feldolgoz\u00e1s\u00e1t, valamint a kommunik\u00e1ci\u00f3s k\u00e9szs\u00e9gek jav\u00edt\u00e1s\u00e1t, ez\u00e1ltal hozz\u00e1j\u00e1rulva munkav\u00e1llal\u00f3ink foglalkoztathat\u00f3s\u00e1g\u00e1hoz, kompetenci\u00e1juk \u00e9s v\u00e1llalkoz\u00e1sunk fejleszt\u00e9s\u00e9hez. A projekt sikeresen megval\u00f3sult, az al\u00e1bbi k\u00e9pz\u00e9sek ker\u00fcltek lefolytat\u00e1sra:<u><\/u><u><\/u><\/span><\/p>\n<p class=\"x_MsoNormal\"><span><\/span><\/p>\n<p class=\"x_MsoNormal\"><span><\/span><\/p>\n<ul type=\"disc\">\n<li style=\"text-align: left;\"><span>Ipar 4.0 k\u00e9pz\u00e9s<u><\/u><u><\/u><\/span><\/li>\n<li style=\"text-align: left;\"><span>Adatb\u00e1ziskezel\u00e9s<u><\/u><u><\/u><\/span><\/li>\n<li style=\"text-align: left;\"><span>Hat\u00e9kony kommunik\u00e1ci\u00f3 \u00e9s kommunik\u00e1ci\u00f3s gyakorlatok<u><\/u><u><\/u><\/span><\/li>\n<li style=\"text-align: left;\"><span>Hat\u00e9kony id\u0151gazd\u00e1lkod\u00e1s<u><\/u><u><\/u><\/span><\/li>\n<li style=\"text-align: left;\"><span>Probl\u00e9mamegold\u00e1s \u00e9s d\u00f6nt\u00e9shozatal<u><\/u><u><\/u><\/span><\/li>\n<li style=\"text-align: left;\"><span>Egy\u00fcttm\u0171k\u00f6d\u00e9si technik\u00e1k fejleszt\u00e9se<\/span><\/li>\n<\/ul>\n<p>[\/et_pb_text][\/et_pb_column][\/et_pb_row][\/et_pb_section]<\/p>\n","protected":false},"excerpt":{"rendered":"<p>sz\u00e9chenyi 2020 p\u00e1ly\u00e1zatokA kedvezm\u00e9nyezett neve: MAXIM\u00c1L CARGO LOGISZTIKA Kft. A projekt c\u00edme: Munkahelyi k\u00e9pz\u00e9sek t\u00e1mogat\u00e1sa a MAXIM\u00c1L CARGO LOGISZTIKA KFT-n\u00e9l projekt azonos\u00edt\u00f3 sz\u00e1ma: GINOP-6.1.6-17-2018-00606a szerz\u0151d\u00f6tt t\u00e1mogat\u00e1s \u00f6sszege: 19 800 000 Fta t\u00e1mogat\u00e1s m\u00e9rt\u00e9ke (%-ban): 100 %a projekt t\u00e9nyleges befejez\u00e9si d\u00e1tuma: 2020.02.17. A projekt tartalm\u00e1nak bemutat\u00e1sa: \u00a0C\u00e9g\u00fcnk logisztikai \u00e9s sz\u00e1ll\u00edtm\u00e1nyoz\u00e1si tev\u00e9kenys\u00e9g\u00e9vel szorosan kapcsolatban olyan v\u00e1llalatir\u00e1ny\u00edt\u00e1si rendszereket [&hellip;]<\/p>\n","protected":false},"author":1,"featured_media":0,"parent":0,"menu_order":0,"comment_status":"closed","ping_status":"closed","template":"","meta":{"_et_pb_use_builder":"on","_et_pb_old_content":"","_et_gb_content_width":"","footnotes":""},"class_list":["post-97","page","type-page","status-publish","hentry"],"jetpack_sharing_enabled":true,"_links":{"self":[{"href":"https:\/\/maximalcargologisztika.hu\/index.php?rest_route=\/wp\/v2\/pages\/97","targetHints":{"allow":["GET"]}}],"collection":[{"href":"https:\/\/maximalcargologisztika.hu\/index.php?rest_route=\/wp\/v2\/pages"}],"about":[{"href":"https:\/\/maximalcargologisztika.hu\/index.php?rest_route=\/wp\/v2\/types\/page"}],"author":[{"embeddable":true,"href":"https:\/\/maximalcargologisztika.hu\/index.php?rest_route=\/wp\/v2\/users\/1"}],"replies":[{"embeddable":true,"href":"https:\/\/maximalcargologisztika.hu\/index.php?rest_route=%2Fwp%2Fv2%2Fcomments&post=97"}],"version-history":[{"count":2,"href":"https:\/\/maximalcargologisztika.hu\/index.php?rest_route=\/wp\/v2\/pages\/97\/revisions"}],"predecessor-version":[{"id":100,"href":"https:\/\/maximalcargologisztika.hu\/index.php?rest_route=\/wp\/v2\/pages\/97\/revisions\/100"}],"wp:attachment":[{"href":"https:\/\/maximalcargologisztika.hu\/index.php?rest_route=%2Fwp%2Fv2%2Fmedia&parent=97"}],"curies":[{"name":"wp","href":"https:\/\/api.w.org\/{rel}","templated":true}]}}