{"id":69,"date":"2024-10-08T23:22:20","date_gmt":"2024-10-08T21:22:20","guid":{"rendered":"https:\/\/maximalcargologisztika.hu\/?page_id=69"},"modified":"2024-10-08T23:25:29","modified_gmt":"2024-10-08T21:25:29","slug":"kapcsolat","status":"publish","type":"page","link":"https:\/\/maximalcargologisztika.hu\/?page_id=69","title":{"rendered":"Kapcsolat"},"content":{"rendered":"<p>[et_pb_section fb_built=&#8221;1&#8243; _builder_version=&#8221;4.27.2&#8243; background_enable_color=&#8221;off&#8221; background_image=&#8221;https:\/\/maximalcargologisztika.hu\/wp-content\/uploads\/2024\/10\/page_title_bar7_blue2.jpg&#8221; custom_padding=&#8221;40px||40px|||&#8221; animation_style=&#8221;fade&#8221; global_colors_info=&#8221;{}&#8221; theme_builder_area=&#8221;post_content&#8221;][et_pb_row _builder_version=&#8221;4.16&#8243; custom_padding=&#8221;30px|0px|17px|0px|false|false&#8221; global_colors_info=&#8221;{}&#8221; theme_builder_area=&#8221;post_content&#8221;][et_pb_column type=&#8221;4_4&#8243; _builder_version=&#8221;4.16&#8243; custom_padding=&#8221;|||&#8221; global_colors_info=&#8221;{}&#8221; custom_padding__hover=&#8221;|||&#8221; theme_builder_area=&#8221;post_content&#8221;][et_pb_text _builder_version=&#8221;4.27.2&#8243; header_font=&#8221;Montserrat|700||on|||||&#8221; header_text_align=&#8221;center&#8221; header_text_color=&#8221;#ffffff&#8221; header_font_size=&#8221;32px&#8221; header_letter_spacing=&#8221;1px&#8221; hover_enabled=&#8221;0&#8243; header_font_size_tablet=&#8221;&#8221; header_font_size_phone=&#8221;23px&#8221; header_font_size_last_edited=&#8221;on|desktop&#8221; header_text_shadow_style=&#8221;preset3&#8243; header_text_shadow_color=&#8221;rgba(0,0,0,0.3)&#8221; global_colors_info=&#8221;{}&#8221; theme_builder_area=&#8221;post_content&#8221; sticky_enabled=&#8221;0&#8243;]<\/p>\n<h1>Kapcsolat<\/h1>\n<p>[\/et_pb_text][\/et_pb_column][\/et_pb_row][\/et_pb_section][et_pb_section fb_built=&#8221;1&#8243; admin_label=&#8221;TBVS &#8211; Light &#8211; Contact 7&#8243; module_class=&#8221;tbvs-section-light&#8221; _builder_version=&#8221;4.16&#8243; _module_preset=&#8221;default&#8221; global_colors_info=&#8221;{}&#8221;][et_pb_row _builder_version=&#8221;4.16&#8243; _module_preset=&#8221;default&#8221; max_width=&#8221;750px&#8221; global_colors_info=&#8221;{}&#8221;][et_pb_column type=&#8221;4_4&#8243; _builder_version=&#8221;4.16&#8243; _module_preset=&#8221;default&#8221; global_colors_info=&#8221;{}&#8221;][et_pb_text _builder_version=&#8221;4.27.2&#8243; _module_preset=&#8221;default&#8221; text_font=&#8221;Montserrat|300|||||||&#8221; text_text_color=&#8221;#3c3c3b&#8221; global_colors_info=&#8221;{}&#8221; sticky_enabled=&#8221;0&#8243; text_font_size=&#8221;16px&#8221; header_font=&#8221;Roboto Condensed|300|||||||&#8221; header_text_color=&#8221;#757575&#8243; header_font_size=&#8221;16px&#8221; header_line_height=&#8221;1.8em&#8221; custom_margin=&#8221;-8px||||false|false&#8221; custom_padding=&#8221;9px|||||&#8221;]L\u00e9pjen vel\u00fcnk kapcsolatba, hogy k\u00f6z\u00f6sen tal\u00e1ljunk megold\u00e1sokat logisztikai ig\u00e9nyeire. Csapatunk \u00f6r\u00f6mmel v\u00e1laszol minden k\u00e9rd\u00e9s\u00e9re \u00e9s seg\u00edt a legjobb d\u00f6nt\u00e9sek meghozatal\u00e1ban![\/et_pb_text][\/et_pb_column][\/et_pb_row][et_pb_row column_structure=&#8221;1_3,1_3,1_3&#8243; _builder_version=&#8221;4.16&#8243; _module_preset=&#8221;default&#8221; global_colors_info=&#8221;{}&#8221;][et_pb_column type=&#8221;1_3&#8243; _builder_version=&#8221;4.16&#8243; _module_preset=&#8221;default&#8221; global_colors_info=&#8221;{}&#8221;][et_pb_blurb title=&#8221;Telefon&#8221; use_icon=&#8221;on&#8221; font_icon=&#8221;&#xe00b;||divi||400&#8243; image_icon_width=&#8221;32px&#8221; module_class=&#8221;tbvs-blurb&#8221; _builder_version=&#8221;4.27.2&#8243; _module_preset=&#8221;default&#8221; header_font=&#8221;Montserrat|800|||||||&#8221; header_text_color=&#8221;#181818&#8243; header_font_size=&#8221;18px&#8221; body_font=&#8221;Open Sans||||||||&#8221; body_text_color=&#8221;#333333&#8243; background_color=&#8221;#FFFFFF&#8221; text_orientation=&#8221;center&#8221; custom_padding=&#8221;25px|20px|25px|20px|true|true&#8221; hover_enabled=&#8221;0&#8243; box_shadow_style=&#8221;preset1&#8243; icon_font_size=&#8221;32px&#8221; global_colors_info=&#8221;{}&#8221; sticky_enabled=&#8221;0&#8243;]<\/p>\n<p>+36 30 613 1126<\/p>\n<p>[\/et_pb_blurb][\/et_pb_column][et_pb_column type=&#8221;1_3&#8243; _builder_version=&#8221;4.16&#8243; _module_preset=&#8221;default&#8221; global_colors_info=&#8221;{}&#8221;][et_pb_blurb title=&#8221;E-mail&#8221; use_icon=&#8221;on&#8221; font_icon=&#8221;&#xe010;||divi||400&#8243; image_icon_width=&#8221;32px&#8221; module_class=&#8221;tbvs-blurb&#8221; _builder_version=&#8221;4.27.2&#8243; _module_preset=&#8221;default&#8221; header_font=&#8221;Montserrat|800|||||||&#8221; header_text_color=&#8221;#181818&#8243; header_font_size=&#8221;18px&#8221; body_font=&#8221;Open Sans||||||||&#8221; body_text_color=&#8221;#333333&#8243; text_orientation=&#8221;center&#8221; custom_padding=&#8221;25px|20px|25px|20px|true|true&#8221; box_shadow_style=&#8221;preset1&#8243; icon_font_size=&#8221;32px&#8221; global_colors_info=&#8221;{}&#8221; background_color=&#8221;#FFFFFF&#8221; hover_enabled=&#8221;0&#8243; sticky_enabled=&#8221;0&#8243;]<\/p>\n<p>maximalcargo@gmail.com<\/p>\n<p>[\/et_pb_blurb][\/et_pb_column][et_pb_column type=&#8221;1_3&#8243; _builder_version=&#8221;4.16&#8243; _module_preset=&#8221;default&#8221; global_colors_info=&#8221;{}&#8221;][et_pb_blurb title=&#8221;Telephely&#8221; use_icon=&#8221;on&#8221; font_icon=&#8221;&#xe01d;||divi||400&#8243; image_icon_width=&#8221;32px&#8221; module_class=&#8221;tbvs-blurb&#8221; _builder_version=&#8221;4.27.2&#8243; _module_preset=&#8221;default&#8221; header_font=&#8221;Montserrat|800|||||||&#8221; header_text_color=&#8221;#181818&#8243; header_font_size=&#8221;18px&#8221; body_font=&#8221;Open Sans||||||||&#8221; body_text_color=&#8221;#333333&#8243; text_orientation=&#8221;center&#8221; custom_padding=&#8221;25px|20px|25px|20px|true|true&#8221; box_shadow_style=&#8221;preset1&#8243; icon_font_size=&#8221;32px&#8221; global_colors_info=&#8221;{}&#8221; background_color=&#8221;#FFFFFF&#8221; hover_enabled=&#8221;0&#8243; sticky_enabled=&#8221;0&#8243;]<\/p>\n<p>H-2400 Duna\u00fajv\u00e1ros Budai Nagy Antal \u00fat 29.<\/p>\n<p>[\/et_pb_blurb][\/et_pb_column][\/et_pb_row][\/et_pb_section]<\/p>\n","protected":false},"excerpt":{"rendered":"<p>KapcsolatL\u00e9pjen vel\u00fcnk kapcsolatba, hogy k\u00f6z\u00f6sen tal\u00e1ljunk megold\u00e1sokat logisztikai ig\u00e9nyeire. Csapatunk \u00f6r\u00f6mmel v\u00e1laszol minden k\u00e9rd\u00e9s\u00e9re \u00e9s seg\u00edt a legjobb d\u00f6nt\u00e9sek meghozatal\u00e1ban!+36 30 613 1126maximalcargo@gmail.comH-2400 Duna\u00fajv\u00e1ros Budai Nagy Antal \u00fat 29.<\/p>\n","protected":false},"author":1,"featured_media":0,"parent":0,"menu_order":0,"comment_status":"closed","ping_status":"closed","template":"","meta":{"_et_pb_use_builder":"on","_et_pb_old_content":"","_et_gb_content_width":"","footnotes":""},"class_list":["post-69","page","type-page","status-publish","hentry"],"jetpack_sharing_enabled":true,"_links":{"self":[{"href":"https:\/\/maximalcargologisztika.hu\/index.php?rest_route=\/wp\/v2\/pages\/69","targetHints":{"allow":["GET"]}}],"collection":[{"href":"https:\/\/maximalcargologisztika.hu\/index.php?rest_route=\/wp\/v2\/pages"}],"about":[{"href":"https:\/\/maximalcargologisztika.hu\/index.php?rest_route=\/wp\/v2\/types\/page"}],"author":[{"embeddable":true,"href":"https:\/\/maximalcargologisztika.hu\/index.php?rest_route=\/wp\/v2\/users\/1"}],"replies":[{"embeddable":true,"href":"https:\/\/maximalcargologisztika.hu\/index.php?rest_route=%2Fwp%2Fv2%2Fcomments&post=69"}],"version-history":[{"count":3,"href":"https:\/\/maximalcargologisztika.hu\/index.php?rest_route=\/wp\/v2\/pages\/69\/revisions"}],"predecessor-version":[{"id":74,"href":"https:\/\/maximalcargologisztika.hu\/index.php?rest_route=\/wp\/v2\/pages\/69\/revisions\/74"}],"wp:attachment":[{"href":"https:\/\/maximalcargologisztika.hu\/index.php?rest_route=%2Fwp%2Fv2%2Fmedia&parent=69"}],"curies":[{"name":"wp","href":"https:\/\/api.w.org\/{rel}","templated":true}]}}