{"id":46,"date":"2024-10-08T23:02:01","date_gmt":"2024-10-08T21:02:01","guid":{"rendered":"https:\/\/maximalcargologisztika.hu\/?page_id=46"},"modified":"2024-10-08T23:04:10","modified_gmt":"2024-10-08T21:04:10","slug":"bemutatkozo","status":"publish","type":"page","link":"https:\/\/maximalcargologisztika.hu\/?page_id=46","title":{"rendered":"bemutatkozo"},"content":{"rendered":"<p>[et_pb_section fb_built=&#8221;1&#8243; _builder_version=&#8221;4.27.2&#8243; background_enable_color=&#8221;off&#8221; background_image=&#8221;https:\/\/maximalcargologisztika.hu\/wp-content\/uploads\/2024\/10\/page_title_bar7_blue2.jpg&#8221; custom_padding=&#8221;40px||40px|||&#8221; animation_style=&#8221;fade&#8221; hover_enabled=&#8221;0&#8243; global_colors_info=&#8221;{}&#8221; theme_builder_area=&#8221;post_content&#8221; title_text=&#8221;page_title_bar7_blue2&#8243; sticky_enabled=&#8221;0&#8243;][et_pb_row _builder_version=&#8221;4.16&#8243; custom_padding=&#8221;30px|0px|17px|0px|false|false&#8221; global_colors_info=&#8221;{}&#8221; theme_builder_area=&#8221;post_content&#8221;][et_pb_column type=&#8221;4_4&#8243; _builder_version=&#8221;4.16&#8243; custom_padding=&#8221;|||&#8221; global_colors_info=&#8221;{}&#8221; custom_padding__hover=&#8221;|||&#8221; theme_builder_area=&#8221;post_content&#8221;][et_pb_text _builder_version=&#8221;4.16&#8243; header_font=&#8221;Montserrat|700||on|||||&#8221; header_text_align=&#8221;center&#8221; header_text_color=&#8221;#ffffff&#8221; header_font_size=&#8221;32px&#8221; header_letter_spacing=&#8221;1px&#8221; header_font_size_tablet=&#8221;&#8221; header_font_size_phone=&#8221;23px&#8221; header_font_size_last_edited=&#8221;on|desktop&#8221; header_text_shadow_style=&#8221;preset3&#8243; header_text_shadow_color=&#8221;rgba(0,0,0,0.3)&#8221; global_colors_info=&#8221;{}&#8221; theme_builder_area=&#8221;post_content&#8221;]<\/p>\n<h1>R\u00d3LUNK<\/h1>\n<p>[\/et_pb_text][\/et_pb_column][\/et_pb_row][\/et_pb_section][et_pb_section fb_built=&#8221;1&#8243; _builder_version=&#8221;4.16&#8243; _module_preset=&#8221;default&#8221; custom_padding=&#8221;80px||100px|||&#8221; global_colors_info=&#8221;{}&#8221; theme_builder_area=&#8221;post_content&#8221;][et_pb_row column_structure=&#8221;1_2,1_2&#8243; _builder_version=&#8221;4.16&#8243; _module_preset=&#8221;default&#8221; global_colors_info=&#8221;{}&#8221; theme_builder_area=&#8221;post_content&#8221;][et_pb_column type=&#8221;1_2&#8243; _builder_version=&#8221;4.16&#8243; _module_preset=&#8221;default&#8221; global_colors_info=&#8221;{}&#8221; theme_builder_area=&#8221;post_content&#8221;][et_pb_text _builder_version=&#8221;4.16&#8243; _module_preset=&#8221;default&#8221; header_font=&#8221;Montserrat|800|||||||&#8221; header_text_align=&#8221;left&#8221; header_text_color=&#8221;#3c3c3b&#8221; header_font_size=&#8221;31px&#8221; header_line_height=&#8221;1.3em&#8221; max_width=&#8221;497px&#8221; custom_margin=&#8221;||7px|||&#8221; custom_padding=&#8221;|||&#8221; header_font_size_tablet=&#8221;&#8221; header_font_size_phone=&#8221;22px&#8221; header_font_size_last_edited=&#8221;on|phone&#8221; global_colors_info=&#8221;{}&#8221; theme_builder_area=&#8221;post_content&#8221;]<\/p>\n<h1>Szakm\u00e1ban elt\u00f6lt\u00f6tt k\u00f6zel<br \/>20 \u00e9vnyi tapasztalat!<\/h1>\n<p>[\/et_pb_text][et_pb_text _builder_version=&#8221;4.27.2&#8243; _module_preset=&#8221;default&#8221; text_font=&#8221;Montserrat|300|||||||&#8221; text_text_color=&#8221;#3c3c3b&#8221; text_font_size=&#8221;16px&#8221; header_font=&#8221;Roboto Condensed|300|||||||&#8221; header_text_color=&#8221;#757575&#8243; header_font_size=&#8221;16px&#8221; header_line_height=&#8221;1.8em&#8221; custom_margin=&#8221;-8px||||false|false&#8221; custom_padding=&#8221;9px|||||&#8221; hover_enabled=&#8221;0&#8243; global_colors_info=&#8221;{}&#8221; theme_builder_area=&#8221;post_content&#8221; sticky_enabled=&#8221;0&#8243;]<\/p>\n<p>&nbsp;<\/p>\n<p><strong>A Maximal Cargo Kft.<\/strong> egyedi megold\u00e1sokat k\u00edn\u00e1l mind <strong>belf\u00f6ldi, mind nemzetk\u00f6zi \u00e1rusz\u00e1ll\u00edt\u00e1s \u00e9s logisztika ter\u00e9n<\/strong>.<\/p>\n<p>\u00c9vr\u0151l \u00e9vre n\u00f6vekszik a jelenl\u00e9t\u00fcnk, amelyet t\u00f6bb \u00e9ves tapasztalatunk \u00e9s szak\u00e9rtelm\u00fcnk alapoz meg. <strong>A Maximal Cargo neve garancia a kiv\u00e1l\u00f3 min\u0151s\u00e9gre,<\/strong> nemcsak Magyarorsz\u00e1gon, hanem Eur\u00f3pa-szerte is. C\u00e9gre szabott logisztikai szolg\u00e1ltat\u00e1sokat biztos\u00edtunk az ipari \u00e9s kereskedelmi szektor szerepl\u0151i sz\u00e1m\u00e1ra<\/p>\n<p>[\/et_pb_text][\/et_pb_column][et_pb_column type=&#8221;1_2&#8243; _builder_version=&#8221;4.16&#8243; _module_preset=&#8221;default&#8221; global_colors_info=&#8221;{}&#8221; theme_builder_area=&#8221;post_content&#8221;][et_pb_image src=&#8221;https:\/\/maximalcargologisztika.hu\/wp-content\/uploads\/2024\/10\/maximal1-min-web-scaled.jpg&#8221; title_text=&#8221;maximal1-min-web&#8221; _builder_version=&#8221;4.27.2&#8243; _module_preset=&#8221;default&#8221; hover_enabled=&#8221;0&#8243; global_colors_info=&#8221;{}&#8221; theme_builder_area=&#8221;post_content&#8221; sticky_enabled=&#8221;0&#8243;][\/et_pb_image][\/et_pb_column][\/et_pb_row][et_pb_row column_structure=&#8221;1_2,1_2&#8243; _builder_version=&#8221;4.16&#8243; _module_preset=&#8221;default&#8221; global_colors_info=&#8221;{}&#8221; theme_builder_area=&#8221;post_content&#8221;][et_pb_column type=&#8221;1_2&#8243; _builder_version=&#8221;4.16&#8243; _module_preset=&#8221;default&#8221; global_colors_info=&#8221;{}&#8221; theme_builder_area=&#8221;post_content&#8221;][et_pb_image src=&#8221;https:\/\/maximalcargologisztika.hu\/wp-content\/uploads\/2024\/10\/maximal12_web-scaled.jpg&#8221; title_text=&#8221;maximal12_web&#8221; _builder_version=&#8221;4.27.2&#8243; _module_preset=&#8221;default&#8221; hover_enabled=&#8221;0&#8243; global_colors_info=&#8221;{}&#8221; theme_builder_area=&#8221;post_content&#8221; sticky_enabled=&#8221;0&#8243;][\/et_pb_image][\/et_pb_column][et_pb_column type=&#8221;1_2&#8243; _builder_version=&#8221;4.16&#8243; _module_preset=&#8221;default&#8221; global_colors_info=&#8221;{}&#8221; theme_builder_area=&#8221;post_content&#8221;][et_pb_text _builder_version=&#8221;4.27.2&#8243; _module_preset=&#8221;default&#8221; text_font=&#8221;Montserrat|300|||||||&#8221; text_text_color=&#8221;#3c3c3b&#8221; text_font_size=&#8221;16px&#8221; header_font=&#8221;Roboto Condensed|300|||||||&#8221; header_text_color=&#8221;#757575&#8243; header_font_size=&#8221;16px&#8221; header_line_height=&#8221;1.8em&#8221; custom_margin=&#8221;-8px||||false|false&#8221; custom_padding=&#8221;9px|||||&#8221; hover_enabled=&#8221;0&#8243; global_colors_info=&#8221;{}&#8221; theme_builder_area=&#8221;post_content&#8221; sticky_enabled=&#8221;0&#8243;]<\/p>\n<p><strong>A Maximal Cargo Kft.<\/strong> elk\u00f6telezett amellett, hogy <strong>\u00fcgyfelei sz\u00e1m\u00e1ra a legmagasabb szint\u0171 logisztikai szolg\u00e1ltat\u00e1sokat ny\u00fajtsa.<\/strong> <\/p>\n<p>Szolg\u00e1ltat\u00e1saink k\u00f6z\u00f6tt szerepel a gyors \u00e9s megb\u00edzhat\u00f3 \u00e1rusz\u00e1ll\u00edt\u00e1s, valamint a rugalmas megold\u00e1sok, amelyek alkalmazkodnak az \u00d6n egyedi ig\u00e9nyeihez. Szak\u00e9rt\u0151 csapatunk folyamatosan figyelemmel k\u00eds\u00e9ri a piaci trendeket, hogy mindig a legjobbat k\u00edn\u00e1lhassuk. <\/p>\n<p><strong>Az innov\u00e1ci\u00f3 \u00e9s a technol\u00f3gia seg\u00edts\u00e9g\u00e9vel folyamatosan fejlesztj\u00fck szolg\u00e1ltat\u00e1sainkat, hogy \u00d6n mindig el\u00e9gedett legyen<\/strong>. A Maximal Cargo nem csup\u00e1n egy logisztikai szolg\u00e1ltat\u00f3, hanem egy megb\u00edzhat\u00f3 partner az \u00d6n \u00fczleti siker\u00e9hez. <\/p>\n<p>Fedezze fel vel\u00fcnk a logisztika \u00faj dimenzi\u00f3it, \u00e9s tapasztalja meg a k\u00fcl\u00f6nbs\u00e9get!<\/p>\n<p>[\/et_pb_text][\/et_pb_column][\/et_pb_row][\/et_pb_section]<\/p>\n","protected":false},"excerpt":{"rendered":"<p>R\u00d3LUNKSzakm\u00e1ban elt\u00f6lt\u00f6tt k\u00f6zel20 \u00e9vnyi tapasztalat!&nbsp; A Maximal Cargo Kft. egyedi megold\u00e1sokat k\u00edn\u00e1l mind belf\u00f6ldi, mind nemzetk\u00f6zi \u00e1rusz\u00e1ll\u00edt\u00e1s \u00e9s logisztika ter\u00e9n. \u00c9vr\u0151l \u00e9vre n\u00f6vekszik a jelenl\u00e9t\u00fcnk, amelyet t\u00f6bb \u00e9ves tapasztalatunk \u00e9s szak\u00e9rtelm\u00fcnk alapoz meg. A Maximal Cargo neve garancia a kiv\u00e1l\u00f3 min\u0151s\u00e9gre, nemcsak Magyarorsz\u00e1gon, hanem Eur\u00f3pa-szerte is. C\u00e9gre szabott logisztikai szolg\u00e1ltat\u00e1sokat biztos\u00edtunk az ipari \u00e9s kereskedelmi [&hellip;]<\/p>\n","protected":false},"author":1,"featured_media":0,"parent":0,"menu_order":0,"comment_status":"closed","ping_status":"closed","template":"","meta":{"_et_pb_use_builder":"on","_et_pb_old_content":"","_et_gb_content_width":"","footnotes":""},"class_list":["post-46","page","type-page","status-publish","hentry"],"jetpack_sharing_enabled":true,"_links":{"self":[{"href":"https:\/\/maximalcargologisztika.hu\/index.php?rest_route=\/wp\/v2\/pages\/46","targetHints":{"allow":["GET"]}}],"collection":[{"href":"https:\/\/maximalcargologisztika.hu\/index.php?rest_route=\/wp\/v2\/pages"}],"about":[{"href":"https:\/\/maximalcargologisztika.hu\/index.php?rest_route=\/wp\/v2\/types\/page"}],"author":[{"embeddable":true,"href":"https:\/\/maximalcargologisztika.hu\/index.php?rest_route=\/wp\/v2\/users\/1"}],"replies":[{"embeddable":true,"href":"https:\/\/maximalcargologisztika.hu\/index.php?rest_route=%2Fwp%2Fv2%2Fcomments&post=46"}],"version-history":[{"count":2,"href":"https:\/\/maximalcargologisztika.hu\/index.php?rest_route=\/wp\/v2\/pages\/46\/revisions"}],"predecessor-version":[{"id":54,"href":"https:\/\/maximalcargologisztika.hu\/index.php?rest_route=\/wp\/v2\/pages\/46\/revisions\/54"}],"wp:attachment":[{"href":"https:\/\/maximalcargologisztika.hu\/index.php?rest_route=%2Fwp%2Fv2%2Fmedia&parent=46"}],"curies":[{"name":"wp","href":"https:\/\/api.w.org\/{rel}","templated":true}]}}